{"id":101561,"date":"2025-06-06T09:49:34","date_gmt":"2025-06-06T07:49:34","guid":{"rendered":"https:\/\/www.kristalia.it\/ada-designer\/"},"modified":"2025-06-06T09:56:13","modified_gmt":"2025-06-06T07:56:13","slug":"ada-designer","status":"publish","type":"page","link":"https:\/\/www.kristalia.it\/fr\/ada-designer\/","title":{"rendered":"ADA Designer"},"content":{"rendered":"<div class=\"wp-bootstrap-blocks-container container mb-2\">\n\t\n\n<div class=\"eiovisual-advanced-image\" id=\"block-69e6b775637b2\">\n    <div class=\"component-image\">\n    \n    <!-- IMAGE -->\n<figure class=\"figure image1 w-100 img-fluid pb-0 w-100 noselect\"> <!-- pb-3 pb-md-0 -->\n\n    \n\n                    <img loading=\"lazy\" decoding=\"async\" width=\"2500\" height=\"1354\" src=\"https:\/\/www.kristalia.it\/wp-content\/uploads\/2024\/09\/3.png\" class=\"image w-100 img-fluid\" alt=\"\" srcset=\"https:\/\/www.kristalia.it\/wp-content\/uploads\/2024\/09\/3.png 2560w, https:\/\/www.kristalia.it\/wp-content\/uploads\/2024\/09\/3-300x162.png 300w, https:\/\/www.kristalia.it\/wp-content\/uploads\/2024\/09\/3-1024x554.png 1024w, https:\/\/www.kristalia.it\/wp-content\/uploads\/2024\/09\/3-768x416.png 768w, https:\/\/www.kristalia.it\/wp-content\/uploads\/2024\/09\/3-1536x832.png 1536w, https:\/\/www.kristalia.it\/wp-content\/uploads\/2024\/09\/3-2048x1109.png 2048w, https:\/\/www.kristalia.it\/wp-content\/uploads\/2024\/09\/3-1680x910.png 1680w, https:\/\/www.kristalia.it\/wp-content\/uploads\/2024\/09\/3-1280x693.png 1280w, https:\/\/www.kristalia.it\/wp-content\/uploads\/2024\/09\/3-992x537.png 992w, https:\/\/www.kristalia.it\/wp-content\/uploads\/2024\/09\/3-500x271.png 500w, https:\/\/www.kristalia.it\/wp-content\/uploads\/2024\/09\/3-924x500.png 924w\" sizes=\"(max-width: 2500px) 100vw, 2500px\" \/>        \n        <figcaption id=\"block-69e6b775637b2-caption\" class=\"caption m-0 noselect\">\n\n            <!-- ACTION: STANDARD LINK -->\n            \n            <!-- ACTION: LINK -->\n            \n            <!-- ACTION: POST -->\n                            \n            <!-- ACTION: GALLERY -->\n            \n                                    <a class=\"d-none\" data-title=\"https:\/\/www.kristalia.it\/wp-content\/uploads\/2024\/09\/3.png\" data-fslightbox href=\"https:\/\/www.kristalia.it\/wp-content\/uploads\/2024\/09\/3.png\">\n                        https:\/\/www.kristalia.it\/wp-content\/uploads\/2024\/09\/3.png                    <\/a>\n                \n            \n            <!-- ELEMENT: CAPTIONS -->\n                                        \n        <\/figcaption>\n    \n<\/figure>\n<!-- \/ IMAGE -->\n\n    \n<\/div><\/div>\n<\/div>\n\n\n            \n<div class=\"eiovisual-text1 py-4 container \">\n    \n    <!-- \/\/ _______________ -->\n    <div class=\"d-block d-sm-none\" style=\"height:10px;\"><\/div>\n    <div class=\"d-none d-sm-block d-md-none\" style=\"height:25px;\"><\/div>\n    <div class=\"d-none d-md-block d-lg-none\" style=\"height:50px;\"><\/div>\n    <div class=\"d-none d-lg-block d-xl-none\" style=\"height:75px;\"><\/div>\n    <div class=\"d-none d-xl-block\" style=\"height:150px;\"><\/div>\n    <!-- \/\/ _______________ -->\n                \n<\/div>\n\n<div class=\"wp-bootstrap-blocks-container container mb-2\">\n\t\n\n<p style=\"font-size:24px;font-style:normal;font-weight:400\">ADA Designer<\/p>\n\n<\/div>\n\n\n<div class=\"wp-bootstrap-blocks-container container mb-0\">\n\t\n<div class=\"wp-bootstrap-blocks-row row\">\n\t\n\n<div class=\"col-12 col-md-4\">\n\t\t\t\n\n<p style=\"font-size:16px\">ADA Designer est un logiciel du syst\u00e8me ADA que Kristalia met \u00e0 disposition des revendeurs afin d\u2019acc\u00e9l\u00e9rer la configuration et la cr\u00e9ation de devis des syst\u00e8mes du catalogue. Un outil complet de conception 3D, simple et polyvalent, d\u00e9velopp\u00e9 pour dessiner des espaces de tout type et g\u00e9rer plusieurs produits dans le m\u00eame projet.<\/p>\n\n\t<\/div>\n\n\n\n<div class=\"col-12 col-md-4\">\n\t\t\t\n\n<p style=\"font-size:16px\">Le c\u0153ur d\u2019ADA Designer est la technologie Quick Design, qui exploite l\u2019intelligence artificielle. La conception devient simple et rapide, permettant de cr\u00e9er intuitivement m\u00eame les compositions les plus complexes, et de r\u00e9aliser rapidement des devis corrects et d\u00e9taill\u00e9s.<\/p>\n\n\t<\/div>\n\n\n\n<div class=\"col-12 col-md-4\">\n\t\t\t\n\n<p style=\"font-size:16px\">\u00c0 partir du projet, des impressions, des rendus photor\u00e9alistes et des vues panoramiques \u00e0 360\u00b0 sont cr\u00e9\u00e9s. Le projet peut \u00eatre imm\u00e9diatement envoy\u00e9 au visualiseur virtuel pour offrir au client final une exp\u00e9rience unique.<\/p>\n\n\t<\/div>\n\n<\/div>\n\n<\/div>\n\n\n            \n<div class=\"eiovisual-text1 py-4 container \">\n    \n    <!-- \/\/ _______________ -->\n    <div class=\"d-block d-sm-none\" style=\"height:10px;\"><\/div>\n    <div class=\"d-none d-sm-block d-md-none\" style=\"height:10px;\"><\/div>\n    <div class=\"d-none d-md-block d-lg-none\" style=\"height:10px;\"><\/div>\n    <div class=\"d-none d-lg-block d-xl-none\" style=\"height:10px;\"><\/div>\n    <div class=\"d-none d-xl-block\" style=\"height:10px;\"><\/div>\n    <!-- \/\/ _______________ -->\n                \n<\/div>\n\n<div class=\"wp-bootstrap-blocks-container container mb-0\">\n\t\n\n<a id=\"block-69e6b7756d26d\" class=\"cta cta-3 eiovisual-button3\" type=\"button\" class=\"btn btn-primary\" data-toggle=\"modal\" data-target=\"#modal-block-69e6b7756d26d\" href=\"\" target=\"_blank\">\n    DEMANDEZ ADA DESIGNER<\/a>\n\n<div class=\"eiovisual-button3-modal modal fade\" id=\"modal-block-69e6b7756d26d\" tabindex=\"-1\" aria-labelledby=\"modal-block-69e6b7756d26d-label\" aria-hidden=\"true\">\n    <div class=\"modal-dialog modal-dialog-centered modal-dialog-scrollable\">\n        <div class=\"modal-content\">\n            <div class=\"modal-header\">\n                <h5 class=\"modal-title\" id=\"modal-block-69e6b7756d26d-label\">\n                    DEMANDEZ ADA DESIGNER                <\/h5>\n                <button type=\"button\" class=\"close\" data-dismiss=\"modal\" aria-label=\"Close\">\n                    <span aria-hidden=\"true\">&times;<\/span>\n                <\/button>\n            <\/div>\n            <div class=\"modal-body\">\n                Please, selecrt a form.            <\/div>\n        <\/div>\n    <\/div>\n<\/div>\n\n<style>\n    #modal-block-69e6b7756d26d .modal-dialog {\n        width:100%;\n        max-width:calc(100% - 15px)!important;\n    }\n\n    @media screen and (min-width:576px) {\n        #modal-block-69e6b7756d26d .modal-dialog {\n            max-width:540px!important;\n        }\n    }\n\n    @media screen and (min-width:768px) {\n        #modal-block-69e6b7756d26d .modal-dialog {\n            max-width:720px!important;\n        }\n    }\n\n    @media screen and (min-width:992px) {\n        #modal-block-69e6b7756d26d .modal-dialog {\n            max-width:960px!important;\n        }\n    }\n\n    @media screen and (min-width:1200px) {\n        #modal-block-69e6b7756d26d .modal-dialog {\n            max-width:1140px!important;\n        }\n    }\n<\/style>\n\n\n<\/div>\n\n\n            \n<div class=\"eiovisual-text1 py-4 container \">\n    \n    <!-- \/\/ _______________ -->\n    <div class=\"d-block d-sm-none\" style=\"height:10px;\"><\/div>\n    <div class=\"d-none d-sm-block d-md-none\" style=\"height:25px;\"><\/div>\n    <div class=\"d-none d-md-block d-lg-none\" style=\"height:50px;\"><\/div>\n    <div class=\"d-none d-lg-block d-xl-none\" style=\"height:75px;\"><\/div>\n    <div class=\"d-none d-xl-block\" style=\"height:150px;\"><\/div>\n    <!-- \/\/ _______________ -->\n                \n<\/div>\n\n<div class=\"wp-bootstrap-blocks-container container mb-2\">\n\t\n\n<div class=\"eiovisual-advanced-image\" id=\"block-69e6b7757101b\">\n    <div class=\"component-image\">\n    \n    <!-- IMAGE -->\n<div class=\"noselect embed image1 w-100 img-fluid pb-3 pb-md-0 w-100\">\n    \n            <div class=\"noselect slide-content h-100\"> <!-- embed-responsive embed-responsive-16by9 \u00e8 required bootstrap per gli embed responsive -->\n            <div class=\"noselect slide-content-inner mt-3 embed-responsive embed-responsive-16by9\">\n                \n                \n                <iframe src=\"https:\/\/www.youtube.com\/embed\/1mB1nY-iNh0?si=eTAQlYhkohSC181b?start=0&amp;rel=0\" frameborder=\"0\" title=\"YouTube video player\" allow=\"accelerometer; autoplay; clipboard-write; encrypted-media; gyroscope; picture-in-picture; web-share\" referrerpolicy=\"strict-origin-when-cross-origin\" allowfullscreen class=\"w-100 h-100 embed-responsive-item\"><\/iframe>            <\/div>\n        <\/div>\n    \n<\/div>\n<!-- \/ IMAGE -->    \n<\/div><\/div>\n<\/div>\n\n\n            \n<div class=\"eiovisual-text1 py-4 container \">\n    \n    <!-- \/\/ _______________ -->\n    <div class=\"d-block d-sm-none\" style=\"height:10px;\"><\/div>\n    <div class=\"d-none d-sm-block d-md-none\" style=\"height:25px;\"><\/div>\n    <div class=\"d-none d-md-block d-lg-none\" style=\"height:50px;\"><\/div>\n    <div class=\"d-none d-lg-block d-xl-none\" style=\"height:75px;\"><\/div>\n    <div class=\"d-none d-xl-block\" style=\"height:150px;\"><\/div>\n    <!-- \/\/ _______________ -->\n                \n<\/div>","protected":false},"excerpt":{"rendered":"","protected":false},"author":6,"featured_media":101556,"parent":0,"menu_order":0,"comment_status":"closed","ping_status":"closed","template":"","meta":{"_acf_changed":false,"inline_featured_image":false,"wp_popup_display_lightbox":0,"wp_popup_suppress":"","wp_popup_trigger":"","wp_popup_trigger_amount":0,"wp_popup_disable_on_mobile":false,"footnotes":""},"acf":[],"yoast_head":"<!-- This site is optimized with the Yoast SEO plugin v22.4 - https:\/\/yoast.com\/wordpress\/plugins\/seo\/ -->\n<title>ADA Designer &#8212; Kristalia<\/title>\n<meta name=\"description\" content=\"ADA Designer est un logiciel que Kristalia met \u00e0 disposition afin d\u2019acc\u00e9l\u00e9rer la configuration et la cr\u00e9ation de devis des syst\u00e8mes du catalogue.\" \/>\n<meta name=\"robots\" content=\"index, follow, max-snippet:-1, max-image-preview:large, max-video-preview:-1\" \/>\n<link rel=\"canonical\" href=\"https:\/\/www.kristalia.it\/fr\/ada-designer\/\" \/>\n<meta property=\"og:locale\" content=\"fr_FR\" \/>\n<meta property=\"og:type\" content=\"article\" \/>\n<meta property=\"og:title\" content=\"ADA Designer &#8212; Kristalia\" \/>\n<meta property=\"og:description\" content=\"ADA Designer est un logiciel que Kristalia met \u00e0 disposition afin d\u2019acc\u00e9l\u00e9rer la configuration et la cr\u00e9ation de devis des syst\u00e8mes du catalogue.\" \/>\n<meta property=\"og:url\" content=\"https:\/\/www.kristalia.it\/fr\/ada-designer\/\" \/>\n<meta property=\"og:site_name\" content=\"Kristalia\" \/>\n<meta property=\"article:publisher\" content=\"https:\/\/www.facebook.com\/kristaliadesign\/\" \/>\n<meta property=\"article:modified_time\" content=\"2025-06-06T07:56:13+00:00\" \/>\n<meta property=\"og:image\" content=\"https:\/\/www.kristalia.it\/wp-content\/uploads\/2025\/06\/Aria-configurazione-1.png\" \/>\n\t<meta property=\"og:image:width\" content=\"2560\" \/>\n\t<meta property=\"og:image:height\" content=\"1386\" \/>\n\t<meta property=\"og:image:type\" content=\"image\/png\" \/>\n<meta name=\"twitter:card\" content=\"summary_large_image\" \/>\n<meta name=\"twitter:label1\" content=\"Est. reading time\" \/>\n\t<meta name=\"twitter:data1\" content=\"1 minute\" \/>\n<script type=\"application\/ld+json\" class=\"yoast-schema-graph\">{\"@context\":\"https:\/\/schema.org\",\"@graph\":[{\"@type\":\"WebPage\",\"@id\":\"https:\/\/www.kristalia.it\/fr\/ada-designer\/\",\"url\":\"https:\/\/www.kristalia.it\/fr\/ada-designer\/\",\"name\":\"ADA Designer &#8212; Kristalia\",\"isPartOf\":{\"@id\":\"https:\/\/www.kristalia.it\/fr\/#website\"},\"primaryImageOfPage\":{\"@id\":\"https:\/\/www.kristalia.it\/fr\/ada-designer\/#primaryimage\"},\"image\":{\"@id\":\"https:\/\/www.kristalia.it\/fr\/ada-designer\/#primaryimage\"},\"thumbnailUrl\":\"https:\/\/www.kristalia.it\/wp-content\/uploads\/2025\/06\/Aria-configurazione-1.png\",\"datePublished\":\"2025-06-06T07:49:34+00:00\",\"dateModified\":\"2025-06-06T07:56:13+00:00\",\"description\":\"ADA Designer est un logiciel que Kristalia met \u00e0 disposition afin d\u2019acc\u00e9l\u00e9rer la configuration et la cr\u00e9ation de devis des syst\u00e8mes du catalogue.\",\"inLanguage\":\"fr-FR\",\"potentialAction\":[{\"@type\":\"ReadAction\",\"target\":[\"https:\/\/www.kristalia.it\/fr\/ada-designer\/\"]}]},{\"@type\":\"ImageObject\",\"inLanguage\":\"fr-FR\",\"@id\":\"https:\/\/www.kristalia.it\/fr\/ada-designer\/#primaryimage\",\"url\":\"https:\/\/www.kristalia.it\/wp-content\/uploads\/2025\/06\/Aria-configurazione-1.png\",\"contentUrl\":\"https:\/\/www.kristalia.it\/wp-content\/uploads\/2025\/06\/Aria-configurazione-1.png\",\"width\":2560,\"height\":1386},{\"@type\":\"WebSite\",\"@id\":\"https:\/\/www.kristalia.it\/fr\/#website\",\"url\":\"https:\/\/www.kristalia.it\/fr\/\",\"name\":\"Kristalia. Forever furniture.\",\"description\":\"Objects that interpret living.\",\"publisher\":{\"@id\":\"https:\/\/www.kristalia.it\/fr\/#organization\"},\"alternateName\":\"Kristalia\",\"potentialAction\":[{\"@type\":\"SearchAction\",\"target\":{\"@type\":\"EntryPoint\",\"urlTemplate\":\"https:\/\/www.kristalia.it\/fr\/?s={search_term_string}\"},\"query-input\":\"required name=search_term_string\"}],\"inLanguage\":\"fr-FR\"},{\"@type\":\"Organization\",\"@id\":\"https:\/\/www.kristalia.it\/fr\/#organization\",\"name\":\"Kristalia. Forever furniture.\",\"url\":\"https:\/\/www.kristalia.it\/fr\/\",\"logo\":{\"@type\":\"ImageObject\",\"inLanguage\":\"fr-FR\",\"@id\":\"https:\/\/www.kristalia.it\/fr\/#\/schema\/logo\/image\/\",\"url\":\"https:\/\/www.kristalia.it\/wp-content\/uploads\/2023\/08\/kristalia-696.png\",\"contentUrl\":\"https:\/\/www.kristalia.it\/wp-content\/uploads\/2023\/08\/kristalia-696.png\",\"width\":696,\"height\":696,\"caption\":\"Kristalia. Forever furniture.\"},\"image\":{\"@id\":\"https:\/\/www.kristalia.it\/fr\/#\/schema\/logo\/image\/\"},\"sameAs\":[\"https:\/\/www.facebook.com\/kristaliadesign\/\"]}]}<\/script>\n<!-- \/ Yoast SEO plugin. -->","yoast_head_json":{"title":"ADA Designer &#8212; Kristalia","description":"ADA Designer est un logiciel que Kristalia met \u00e0 disposition afin d\u2019acc\u00e9l\u00e9rer la configuration et la cr\u00e9ation de devis des syst\u00e8mes du catalogue.","robots":{"index":"index","follow":"follow","max-snippet":"max-snippet:-1","max-image-preview":"max-image-preview:large","max-video-preview":"max-video-preview:-1"},"canonical":"https:\/\/www.kristalia.it\/fr\/ada-designer\/","og_locale":"fr_FR","og_type":"article","og_title":"ADA Designer &#8212; Kristalia","og_description":"ADA Designer est un logiciel que Kristalia met \u00e0 disposition afin d\u2019acc\u00e9l\u00e9rer la configuration et la cr\u00e9ation de devis des syst\u00e8mes du catalogue.","og_url":"https:\/\/www.kristalia.it\/fr\/ada-designer\/","og_site_name":"Kristalia","article_publisher":"https:\/\/www.facebook.com\/kristaliadesign\/","article_modified_time":"2025-06-06T07:56:13+00:00","og_image":[{"width":2560,"height":1386,"url":"https:\/\/www.kristalia.it\/wp-content\/uploads\/2025\/06\/Aria-configurazione-1.png","type":"image\/png"}],"twitter_card":"summary_large_image","twitter_misc":{"Est. reading time":"1 minute"},"schema":{"@context":"https:\/\/schema.org","@graph":[{"@type":"WebPage","@id":"https:\/\/www.kristalia.it\/fr\/ada-designer\/","url":"https:\/\/www.kristalia.it\/fr\/ada-designer\/","name":"ADA Designer &#8212; Kristalia","isPartOf":{"@id":"https:\/\/www.kristalia.it\/fr\/#website"},"primaryImageOfPage":{"@id":"https:\/\/www.kristalia.it\/fr\/ada-designer\/#primaryimage"},"image":{"@id":"https:\/\/www.kristalia.it\/fr\/ada-designer\/#primaryimage"},"thumbnailUrl":"https:\/\/www.kristalia.it\/wp-content\/uploads\/2025\/06\/Aria-configurazione-1.png","datePublished":"2025-06-06T07:49:34+00:00","dateModified":"2025-06-06T07:56:13+00:00","description":"ADA Designer est un logiciel que Kristalia met \u00e0 disposition afin d\u2019acc\u00e9l\u00e9rer la configuration et la cr\u00e9ation de devis des syst\u00e8mes du catalogue.","inLanguage":"fr-FR","potentialAction":[{"@type":"ReadAction","target":["https:\/\/www.kristalia.it\/fr\/ada-designer\/"]}]},{"@type":"ImageObject","inLanguage":"fr-FR","@id":"https:\/\/www.kristalia.it\/fr\/ada-designer\/#primaryimage","url":"https:\/\/www.kristalia.it\/wp-content\/uploads\/2025\/06\/Aria-configurazione-1.png","contentUrl":"https:\/\/www.kristalia.it\/wp-content\/uploads\/2025\/06\/Aria-configurazione-1.png","width":2560,"height":1386},{"@type":"WebSite","@id":"https:\/\/www.kristalia.it\/fr\/#website","url":"https:\/\/www.kristalia.it\/fr\/","name":"Kristalia. Forever furniture.","description":"Objects that interpret living.","publisher":{"@id":"https:\/\/www.kristalia.it\/fr\/#organization"},"alternateName":"Kristalia","potentialAction":[{"@type":"SearchAction","target":{"@type":"EntryPoint","urlTemplate":"https:\/\/www.kristalia.it\/fr\/?s={search_term_string}"},"query-input":"required name=search_term_string"}],"inLanguage":"fr-FR"},{"@type":"Organization","@id":"https:\/\/www.kristalia.it\/fr\/#organization","name":"Kristalia. Forever furniture.","url":"https:\/\/www.kristalia.it\/fr\/","logo":{"@type":"ImageObject","inLanguage":"fr-FR","@id":"https:\/\/www.kristalia.it\/fr\/#\/schema\/logo\/image\/","url":"https:\/\/www.kristalia.it\/wp-content\/uploads\/2023\/08\/kristalia-696.png","contentUrl":"https:\/\/www.kristalia.it\/wp-content\/uploads\/2023\/08\/kristalia-696.png","width":696,"height":696,"caption":"Kristalia. Forever furniture."},"image":{"@id":"https:\/\/www.kristalia.it\/fr\/#\/schema\/logo\/image\/"},"sameAs":["https:\/\/www.facebook.com\/kristaliadesign\/"]}]}},"_links":{"self":[{"href":"https:\/\/www.kristalia.it\/fr\/wp-json\/wp\/v2\/pages\/101561"}],"collection":[{"href":"https:\/\/www.kristalia.it\/fr\/wp-json\/wp\/v2\/pages"}],"about":[{"href":"https:\/\/www.kristalia.it\/fr\/wp-json\/wp\/v2\/types\/page"}],"author":[{"embeddable":true,"href":"https:\/\/www.kristalia.it\/fr\/wp-json\/wp\/v2\/users\/6"}],"replies":[{"embeddable":true,"href":"https:\/\/www.kristalia.it\/fr\/wp-json\/wp\/v2\/comments?post=101561"}],"version-history":[{"count":1,"href":"https:\/\/www.kristalia.it\/fr\/wp-json\/wp\/v2\/pages\/101561\/revisions"}],"predecessor-version":[{"id":101563,"href":"https:\/\/www.kristalia.it\/fr\/wp-json\/wp\/v2\/pages\/101561\/revisions\/101563"}],"wp:featuredmedia":[{"embeddable":true,"href":"https:\/\/www.kristalia.it\/fr\/wp-json\/wp\/v2\/media\/101556"}],"wp:attachment":[{"href":"https:\/\/www.kristalia.it\/fr\/wp-json\/wp\/v2\/media?parent=101561"}],"curies":[{"name":"wp","href":"https:\/\/api.w.org\/{rel}","templated":true}]}}