{"id":21395,"date":"2019-12-19T22:58:34","date_gmt":"2019-12-19T21:58:34","guid":{"rendered":"https:\/\/test.kristalia.it\/abonnez-vous-a-notre-newsletter\/"},"modified":"2020-01-27T04:21:57","modified_gmt":"2020-01-27T03:21:57","slug":"abonnez-vous-a-notre-newsletter","status":"publish","type":"page","link":"https:\/\/www.kristalia.it\/fr\/abonnez-vous-a-notre-newsletter\/","title":{"rendered":"Abonnez-vous \u00e0 notre newsletter"},"content":{"rendered":"\n<div style=\"height:160px\" aria-hidden=\"true\" class=\"wp-block-spacer\"><\/div>\n\n<style>\n#block-69f2f1e5207b1 {\n    background-size:cover;background-position:50%;\n    }\n<\/style>\n\n<div class=\"eiovisual-header1\" id=\"block-69f2f1e5207b1\" style=\"\"\" >\n\n    <!-- \/ ___________________________________________________ -->\n\n    <div class=\"container\">\n        <div class=\"row justify-content-center\">\n\n            <!-- \/ ___________________________________________________ -->\n\n            <!-- CONTENT -->\n            <div class=\"col-12 content text-center\" >\n\n                \n                    <!-- CATEGORY -->\n                    <div class=\"category pb-3 pb-md-0\">\n                        NOUS VOUS ENVERRONS LES DERNI\u00c8RES NOUVELLES SUR LES PRODUITS ET LES \u00c9V\u00c9NEMENTS                    <\/div>\n                    <!-- \/ CATEGORY -->\n\n                    <!-- TITLE -->\n                    <header class=\"header\">\n                        <h2 class=\"title\">Abonnez-vous \u00e0 notre newsletter<\/h2>\n                    <\/header>\n                    <!-- \/ TITLE -->\n                \n            <\/div>\n            <!-- \/ CONTENT -->\n\n        <\/div>\n    <\/div>\n\n    <!-- \/ ___________________________________________________ -->\n\n<\/div>\n<div style=\"height:80px\" aria-hidden=\"true\" class=\"wp-block-spacer\"><\/div>\n<div class=\"container\"><div class=\"row\"><div class=\"col-12\">\r\n<iframe src=\"https:\/\/kristalia.mailmnta.com\/nl\/kristaliait_page28.mn\" style=\"border: medium none;margin-bottom: 1em;width:100%;min-height: 680px;\"><\/iframe>\r\n<\/div><\/div><\/div>\r\n\n<div style=\"height:150px\" aria-hidden=\"true\" class=\"wp-block-spacer\"><\/div>\n\n<p class=\"has-text-align-center has-small-font-size\">Copyright \u00a9 2020 Kristalia Srl<br\/>P.IVA\/C.Fisc. 01267780938 Iscr. Trib. Pn &#8211; n. 12666 Cap. Soc. \u20ac103.561,00 i.v.<\/p>\n","protected":false},"excerpt":{"rendered":"Copyright \u00a9 2020 Kristalia SrlP.IVA\/C.Fisc. 01267780938 Iscr. Trib. Pn &#8211; n. 12666 Cap. Soc. \u20ac103.561,00 i.v.","protected":false},"author":1,"featured_media":0,"parent":0,"menu_order":15,"comment_status":"closed","ping_status":"closed","template":"","meta":{"_acf_changed":false,"inline_featured_image":false,"wp_popup_display_lightbox":0,"wp_popup_suppress":"","wp_popup_trigger":"","wp_popup_trigger_amount":0,"wp_popup_disable_on_mobile":false,"footnotes":""},"acf":[],"yoast_head":"<!-- This site is optimized with the Yoast SEO plugin v22.4 - https:\/\/yoast.com\/wordpress\/plugins\/seo\/ -->\n<title>Abonnez-vous \u00e0 notre newsletter &#8212; Kristalia<\/title>\n<meta name=\"robots\" content=\"index, follow, max-snippet:-1, max-image-preview:large, max-video-preview:-1\" \/>\n<link rel=\"canonical\" href=\"https:\/\/www.kristalia.it\/fr\/abonnez-vous-a-notre-newsletter\/\" \/>\n<meta property=\"og:locale\" content=\"fr_FR\" \/>\n<meta property=\"og:type\" content=\"article\" \/>\n<meta property=\"og:title\" content=\"Abonnez-vous \u00e0 notre newsletter &#8212; Kristalia\" \/>\n<meta property=\"og:description\" content=\"Copyright \u00a9 2020 Kristalia SrlP.IVA\/C.Fisc. 01267780938 Iscr. Trib. Pn &#8211; n. 12666 Cap. Soc. \u20ac103.561,00 i.v.\" \/>\n<meta property=\"og:url\" content=\"https:\/\/www.kristalia.it\/fr\/abonnez-vous-a-notre-newsletter\/\" \/>\n<meta property=\"og:site_name\" content=\"Kristalia\" \/>\n<meta property=\"article:publisher\" content=\"https:\/\/www.facebook.com\/kristaliadesign\/\" \/>\n<meta property=\"article:modified_time\" content=\"2020-01-27T03:21:57+00:00\" \/>\n<meta property=\"og:image\" content=\"https:\/\/www.kristalia.it\/wp-content\/uploads\/2023\/08\/Kristalia_Palco-3.jpg\" \/>\n\t<meta property=\"og:image:width\" content=\"1200\" \/>\n\t<meta property=\"og:image:height\" content=\"675\" \/>\n\t<meta property=\"og:image:type\" content=\"image\/jpeg\" \/>\n<meta name=\"twitter:card\" content=\"summary_large_image\" \/>\n<script type=\"application\/ld+json\" class=\"yoast-schema-graph\">{\"@context\":\"https:\/\/schema.org\",\"@graph\":[{\"@type\":\"WebPage\",\"@id\":\"https:\/\/www.kristalia.it\/fr\/abonnez-vous-a-notre-newsletter\/\",\"url\":\"https:\/\/www.kristalia.it\/fr\/abonnez-vous-a-notre-newsletter\/\",\"name\":\"Abonnez-vous \u00e0 notre newsletter &#8212; Kristalia\",\"isPartOf\":{\"@id\":\"https:\/\/www.kristalia.it\/fr\/#website\"},\"datePublished\":\"2019-12-19T21:58:34+00:00\",\"dateModified\":\"2020-01-27T03:21:57+00:00\",\"inLanguage\":\"fr-FR\",\"potentialAction\":[{\"@type\":\"ReadAction\",\"target\":[\"https:\/\/www.kristalia.it\/fr\/abonnez-vous-a-notre-newsletter\/\"]}]},{\"@type\":\"WebSite\",\"@id\":\"https:\/\/www.kristalia.it\/fr\/#website\",\"url\":\"https:\/\/www.kristalia.it\/fr\/\",\"name\":\"Kristalia. Forever furniture.\",\"description\":\"Objects that interpret living.\",\"publisher\":{\"@id\":\"https:\/\/www.kristalia.it\/fr\/#organization\"},\"alternateName\":\"Kristalia\",\"potentialAction\":[{\"@type\":\"SearchAction\",\"target\":{\"@type\":\"EntryPoint\",\"urlTemplate\":\"https:\/\/www.kristalia.it\/fr\/?s={search_term_string}\"},\"query-input\":\"required name=search_term_string\"}],\"inLanguage\":\"fr-FR\"},{\"@type\":\"Organization\",\"@id\":\"https:\/\/www.kristalia.it\/fr\/#organization\",\"name\":\"Kristalia. Forever furniture.\",\"url\":\"https:\/\/www.kristalia.it\/fr\/\",\"logo\":{\"@type\":\"ImageObject\",\"inLanguage\":\"fr-FR\",\"@id\":\"https:\/\/www.kristalia.it\/fr\/#\/schema\/logo\/image\/\",\"url\":\"https:\/\/www.kristalia.it\/wp-content\/uploads\/2023\/08\/kristalia-696.png\",\"contentUrl\":\"https:\/\/www.kristalia.it\/wp-content\/uploads\/2023\/08\/kristalia-696.png\",\"width\":696,\"height\":696,\"caption\":\"Kristalia. Forever furniture.\"},\"image\":{\"@id\":\"https:\/\/www.kristalia.it\/fr\/#\/schema\/logo\/image\/\"},\"sameAs\":[\"https:\/\/www.facebook.com\/kristaliadesign\/\"]}]}<\/script>\n<!-- \/ Yoast SEO plugin. -->","yoast_head_json":{"title":"Abonnez-vous \u00e0 notre newsletter &#8212; Kristalia","robots":{"index":"index","follow":"follow","max-snippet":"max-snippet:-1","max-image-preview":"max-image-preview:large","max-video-preview":"max-video-preview:-1"},"canonical":"https:\/\/www.kristalia.it\/fr\/abonnez-vous-a-notre-newsletter\/","og_locale":"fr_FR","og_type":"article","og_title":"Abonnez-vous \u00e0 notre newsletter &#8212; Kristalia","og_description":"Copyright \u00a9 2020 Kristalia SrlP.IVA\/C.Fisc. 01267780938 Iscr. Trib. Pn &#8211; n. 12666 Cap. Soc. \u20ac103.561,00 i.v.","og_url":"https:\/\/www.kristalia.it\/fr\/abonnez-vous-a-notre-newsletter\/","og_site_name":"Kristalia","article_publisher":"https:\/\/www.facebook.com\/kristaliadesign\/","article_modified_time":"2020-01-27T03:21:57+00:00","og_image":[{"width":1200,"height":675,"url":"https:\/\/www.kristalia.it\/wp-content\/uploads\/2023\/08\/Kristalia_Palco-3.jpg","type":"image\/jpeg"}],"twitter_card":"summary_large_image","schema":{"@context":"https:\/\/schema.org","@graph":[{"@type":"WebPage","@id":"https:\/\/www.kristalia.it\/fr\/abonnez-vous-a-notre-newsletter\/","url":"https:\/\/www.kristalia.it\/fr\/abonnez-vous-a-notre-newsletter\/","name":"Abonnez-vous \u00e0 notre newsletter &#8212; Kristalia","isPartOf":{"@id":"https:\/\/www.kristalia.it\/fr\/#website"},"datePublished":"2019-12-19T21:58:34+00:00","dateModified":"2020-01-27T03:21:57+00:00","inLanguage":"fr-FR","potentialAction":[{"@type":"ReadAction","target":["https:\/\/www.kristalia.it\/fr\/abonnez-vous-a-notre-newsletter\/"]}]},{"@type":"WebSite","@id":"https:\/\/www.kristalia.it\/fr\/#website","url":"https:\/\/www.kristalia.it\/fr\/","name":"Kristalia. Forever furniture.","description":"Objects that interpret living.","publisher":{"@id":"https:\/\/www.kristalia.it\/fr\/#organization"},"alternateName":"Kristalia","potentialAction":[{"@type":"SearchAction","target":{"@type":"EntryPoint","urlTemplate":"https:\/\/www.kristalia.it\/fr\/?s={search_term_string}"},"query-input":"required name=search_term_string"}],"inLanguage":"fr-FR"},{"@type":"Organization","@id":"https:\/\/www.kristalia.it\/fr\/#organization","name":"Kristalia. Forever furniture.","url":"https:\/\/www.kristalia.it\/fr\/","logo":{"@type":"ImageObject","inLanguage":"fr-FR","@id":"https:\/\/www.kristalia.it\/fr\/#\/schema\/logo\/image\/","url":"https:\/\/www.kristalia.it\/wp-content\/uploads\/2023\/08\/kristalia-696.png","contentUrl":"https:\/\/www.kristalia.it\/wp-content\/uploads\/2023\/08\/kristalia-696.png","width":696,"height":696,"caption":"Kristalia. Forever furniture."},"image":{"@id":"https:\/\/www.kristalia.it\/fr\/#\/schema\/logo\/image\/"},"sameAs":["https:\/\/www.facebook.com\/kristaliadesign\/"]}]}},"_links":{"self":[{"href":"https:\/\/www.kristalia.it\/fr\/wp-json\/wp\/v2\/pages\/21395"}],"collection":[{"href":"https:\/\/www.kristalia.it\/fr\/wp-json\/wp\/v2\/pages"}],"about":[{"href":"https:\/\/www.kristalia.it\/fr\/wp-json\/wp\/v2\/types\/page"}],"author":[{"embeddable":true,"href":"https:\/\/www.kristalia.it\/fr\/wp-json\/wp\/v2\/users\/1"}],"replies":[{"embeddable":true,"href":"https:\/\/www.kristalia.it\/fr\/wp-json\/wp\/v2\/comments?post=21395"}],"version-history":[{"count":0,"href":"https:\/\/www.kristalia.it\/fr\/wp-json\/wp\/v2\/pages\/21395\/revisions"}],"wp:attachment":[{"href":"https:\/\/www.kristalia.it\/fr\/wp-json\/wp\/v2\/media?parent=21395"}],"curies":[{"name":"wp","href":"https:\/\/api.w.org\/{rel}","templated":true}]}}