{"id":66703,"date":"2019-12-20T00:15:24","date_gmt":"2023-02-28T16:04:50","guid":{"rendered":"https:\/\/test.kristalia.it\/?page_id=66091"},"modified":"2023-03-15T22:29:39","modified_gmt":"2023-03-15T21:29:39","slug":"newsletter","status":"publish","type":"page","link":"https:\/\/www.kristalia.it\/fr\/newsletter\/","title":{"rendered":"Abonnez-vous \u00e0 notre newsletter"},"content":{"rendered":"\n<div style=\"height:160px\" aria-hidden=\"true\" class=\"wp-block-spacer\"><\/div>\n\n\n\n<style>\n#block-69decf01c2744 {\n    background-size:cover;background-position:50%;\n    }\n<\/style>\n\n<div class=\"eiovisual-header1\" id=\"block-69decf01c2744\" style=\"\"\" >\n\n    <!-- \/ ___________________________________________________ -->\n\n    <div class=\"container\">\n        <div class=\"row justify-content-center\">\n\n            <!-- \/ ___________________________________________________ -->\n\n            <!-- CONTENT -->\n            <div class=\"col-12 content text-center\" >\n\n                \n                    <!-- CATEGORY -->\n                    <div class=\"category pb-3 pb-md-0\">\n                        NOUS VOUS ENVERRONS LES DERNI\u00c8RES NOUVELLES SUR LES PRODUITS ET LES \u00c9V\u00c9NEMENTS                    <\/div>\n                    <!-- \/ CATEGORY -->\n\n                    <!-- TITLE -->\n                    <header class=\"header\">\n                        <h2 class=\"title\">Abonnez-vous \u00e0 notre newsletter<\/h2>\n                    <\/header>\n                    <!-- \/ TITLE -->\n                \n            <\/div>\n            <!-- \/ CONTENT -->\n\n        <\/div>\n    <\/div>\n\n    <!-- \/ ___________________________________________________ -->\n\n<\/div>\n\n\n<div style=\"height:80px\" aria-hidden=\"true\" class=\"wp-block-spacer\"><\/div>\n\n\n<div class=\"wp-bootstrap-blocks-container container mb-0\">\n\t\n<div class=\"wp-bootstrap-blocks-row row justify-content-center\">\n\t\n\n<div class=\"col-12 col-md-10 col-lg-8\">\n\t\t\t\n\t\t\t\t\t<script type=\"text\/javascript\">\n\t\t\t\t\t\tvar gCaptchaSibWidget;\n                        var onloadSibCallbackInvisible = function () {\n\n                            var element = document.getElementsByClassName('sib-default-btn');\n                            var countInvisible = 0;\n                            var indexArray = [];\n                            jQuery('.sib-default-btn').each(function (index, el) {\n                                if ((jQuery(el).attr('id') == \"invisible\")) {\n                                    indexArray[countInvisible] = index;\n                                    countInvisible++\n                                }\n                            });\n\n                            jQuery('.invi-recaptcha').each(function (index, el) {\n                                grecaptcha.render(element[indexArray[index]], {\n                                    'sitekey': jQuery(el).attr('data-sitekey'),\n                                    'callback': sibVerifyCallback,\n                                });\n                            });\n                        };\n\t\t\t\t\t<\/script>\n\t\t\t\t\t                <script src=\"https:\/\/www.google.com\/recaptcha\/api.js?onload=onloadSibCallbackInvisible&render=explicit\" async defer><\/script>\n\t\t\t\t\t\t\t\n\t\t\t<form id=\"sib_signup_form_6\" method=\"post\" class=\"sib_signup_form\">\n\t\t\t\t<div class=\"sib_loader\" style=\"display:none;\"><img\n\t\t\t\t\t\t\tsrc=\"https:\/\/www.kristalia.it\/wp-includes\/images\/spinner.gif\" alt=\"loader\"><\/div>\n\t\t\t\t<input type=\"hidden\" name=\"sib_form_action\" value=\"subscribe_form_submit\">\n\t\t\t\t<input type=\"hidden\" name=\"sib_form_id\" value=\"6\">\n                <input type=\"hidden\" name=\"sib_form_alert_notice\" value=\"Veuillez remplir ce champ\">\n                <input type=\"hidden\" name=\"sib_form_invalid_email_notice\" value=\"Votre adresse email est invalide\">\n                <input type=\"hidden\" name=\"sib_security\" value=\"e6e4ed79e5\">\n\t\t\t\t<div class=\"sib_signup_box_inside_6\">\n\t\t\t\t\t<div style=\"\/*display:none*\/\" class=\"sib_msg_disp\">\n\t\t\t\t\t<\/div>\n                                            <div id=\"sib_captcha_invisible\" class=\"invi-recaptcha\" data-sitekey=\"6LcmFfYUAAAAAGOcxcmYM1HOujBJpXoGCrHeqp50\"><\/div>\n                    \t\t\t\t\t<input type=\"hidden\" class=\"sib-LINGUA-area\" name=\"LINGUA\" value=\"fr\"> \r\n<input type=\"hidden\" class=\"sib-KRISTALIA-area\" name=\"KRISTALIA\" value=\"1\"> \r\n\r\n<div class=\"row sendinblue\">\r\n\r\n    <div class=\"col-6\">\r\n        <div class=\"form-group sib-NOME-area\">\r\n            <label class=\"sib-NOME-area d-none\">Nom<\/label> \r\n            <input type=\"text\" class=\"rounded-0 form-control sib-NOME-area\" name=\"NOME\" placeholder=\"Nom\" required=\"required\"> \r\n        <\/div>\r\n    <\/div>\r\n\r\n    <div class=\"col-6\">\r\n        <div class=\"form-group sib-COGNOME-area\">\r\n            <label class=\"sib-COGNOME-area d-none\">Nom de famille<\/label> \r\n            <input type=\"text\" class=\"rounded-0 form-control sib-COGNOME-area\" name=\"COGNOME\" placeholder=\"Nom de famille\" required=\"required\"> \r\n        <\/div>\r\n    <\/div>\r\n\r\n    <div class=\"col-12\">\r\n\r\n    <div class=\"form-group sib-email-area\">\r\n        <label class=\"sib-email-area d-none\">Email<\/label> \r\n        <input type=\"text\" class=\"rounded-0 form-control sib-email-area\" name=\"email\" placeholder=\"Email\" required=\"required\"> \r\n    <\/div>\r\n\r\n    <\/div>\r\n\r\n    <div class=\"col-12 text-left\">\r\n\r\n    <div class=\"form-check form-check-inline sib-PROFESSIONAL-area\">\r\n        <input type=\"checkbox\" class=\"form-check-input sib-PROFESSIONAL-area\" name=\"PROFESSIONAL\" value=\"1\"> \r\n        <label class=\"form-check-label sib-PROFESSIONAL-area\">Professionnel<\/label> \r\n    <\/div>\r\n    <\/div>\r\n\r\n\r\n    <div class=\"col-12 text-left mt-3\">\r\n        <div class=\"form-check form-check-inline sib-PRIVACY-area\">\r\n            <div>\r\n                <input type=\"checkbox\" class=\"form-check-input sib-PRIVACY-area\" name=\"terms\" required=\"required\">\r\n                <label class=\"form-check-label sib-PRIVACY-area\">Accetto<\/label> \r\n            <\/div>\r\n        <\/div>\r\n        <div>\r\nConform\u00e9ment au r\u00e8glement UE 679\/2016, j'autorise le traitement des donn\u00e9es ci-dessus. Lisez les <a href=\"https:\/\/www.iubenda.com\/privacy-policy\/55103174\" target=\"_blank\" class=\"text-underline\">termes et conditions<\/a>           \r\n        <\/div>\r\n    <\/div>\r\n\r\n\r\n    <div class=\"col-12 text-center mt-5\">\r\n        <button type=\"submit\" id=\"invisible\" class=\"sib-default-btn text-white btn btn-dark rounded-0 text-uppercase\">Soumettre<\/button>\r\n    <\/div>\r\n<\/div>\r\n\r\n\r\n\t\t\t\t<\/div>\n\t\t\t<\/form>\n\t\t\t<style>\n\t\t\t\tform#sib_signup_form_6 p.sib-alert-message {\n    padding: 6px 12px;\n    margin-bottom: 20px;\n    border: 1px solid transparent;\n    border-radius: 4px;\n    -webkit-box-sizing: border-box;\n    -moz-box-sizing: border-box;\n    box-sizing: border-box;\n}\nform#sib_signup_form_6 p.sib-alert-message-error {\n    background-color: #f2dede;\n    border-color: #ebccd1;\n    color: #a94442;\n}\nform#sib_signup_form_6 p.sib-alert-message-success {\n    background-color: #dff0d8;\n    border-color: #d6e9c6;\n    color: #3c763d;\n}\nform#sib_signup_form_6 p.sib-alert-message-warning {\n    background-color: #fcf8e3;\n    border-color: #faebcc;\n    color: #8a6d3b;\n}\n\t\t\t<\/style>\n\t\t\t\n\n\t<\/div>\n\n\n\n<div class=\"col-12 col-md-6\">\n\t\t\t\t<\/div>\n\n<\/div>\n\n<\/div>\n\n\n\n<div style=\"height:150px\" aria-hidden=\"true\" class=\"wp-block-spacer\"><\/div>\n","protected":false},"excerpt":{"rendered":"","protected":false},"author":1,"featured_media":0,"parent":0,"menu_order":10,"comment_status":"closed","ping_status":"closed","template":"","meta":{"_acf_changed":false,"inline_featured_image":false,"wp_popup_display_lightbox":0,"wp_popup_suppress":"","wp_popup_trigger":"","wp_popup_trigger_amount":0,"wp_popup_disable_on_mobile":false,"footnotes":""},"acf":[],"yoast_head":"<!-- This site is optimized with the Yoast SEO plugin v22.4 - https:\/\/yoast.com\/wordpress\/plugins\/seo\/ -->\n<title>Abonnez-vous \u00e0 notre newsletter &#8212; Kristalia<\/title>\n<meta name=\"robots\" content=\"index, follow, max-snippet:-1, max-image-preview:large, max-video-preview:-1\" \/>\n<link rel=\"canonical\" href=\"https:\/\/www.kristalia.it\/fr\/newsletter\/\" \/>\n<meta property=\"og:locale\" content=\"fr_FR\" \/>\n<meta property=\"og:type\" content=\"article\" \/>\n<meta property=\"og:title\" content=\"Abonnez-vous \u00e0 notre newsletter &#8212; Kristalia\" \/>\n<meta property=\"og:url\" content=\"https:\/\/www.kristalia.it\/fr\/newsletter\/\" \/>\n<meta property=\"og:site_name\" content=\"Kristalia\" \/>\n<meta property=\"article:publisher\" content=\"https:\/\/www.facebook.com\/kristaliadesign\/\" \/>\n<meta property=\"article:modified_time\" content=\"2023-03-15T21:29:39+00:00\" \/>\n<meta property=\"og:image\" content=\"https:\/\/www.kristalia.it\/wp-content\/uploads\/2023\/08\/Kristalia_Palco-3.jpg\" \/>\n\t<meta property=\"og:image:width\" content=\"1200\" \/>\n\t<meta property=\"og:image:height\" content=\"675\" \/>\n\t<meta property=\"og:image:type\" content=\"image\/jpeg\" \/>\n<meta name=\"twitter:card\" content=\"summary_large_image\" \/>\n<meta name=\"twitter:label1\" content=\"Est. reading time\" \/>\n\t<meta name=\"twitter:data1\" content=\"1 minute\" \/>\n<script type=\"application\/ld+json\" class=\"yoast-schema-graph\">{\"@context\":\"https:\/\/schema.org\",\"@graph\":[{\"@type\":\"WebPage\",\"@id\":\"https:\/\/www.kristalia.it\/fr\/newsletter\/\",\"url\":\"https:\/\/www.kristalia.it\/fr\/newsletter\/\",\"name\":\"Abonnez-vous \u00e0 notre newsletter &#8212; Kristalia\",\"isPartOf\":{\"@id\":\"https:\/\/www.kristalia.it\/fr\/#website\"},\"datePublished\":\"2023-02-28T16:04:50+00:00\",\"dateModified\":\"2023-03-15T21:29:39+00:00\",\"inLanguage\":\"fr-FR\",\"potentialAction\":[{\"@type\":\"ReadAction\",\"target\":[\"https:\/\/www.kristalia.it\/fr\/newsletter\/\"]}]},{\"@type\":\"WebSite\",\"@id\":\"https:\/\/www.kristalia.it\/fr\/#website\",\"url\":\"https:\/\/www.kristalia.it\/fr\/\",\"name\":\"Kristalia. Forever furniture.\",\"description\":\"Objects that interpret living.\",\"publisher\":{\"@id\":\"https:\/\/www.kristalia.it\/fr\/#organization\"},\"alternateName\":\"Kristalia\",\"potentialAction\":[{\"@type\":\"SearchAction\",\"target\":{\"@type\":\"EntryPoint\",\"urlTemplate\":\"https:\/\/www.kristalia.it\/fr\/?s={search_term_string}\"},\"query-input\":\"required name=search_term_string\"}],\"inLanguage\":\"fr-FR\"},{\"@type\":\"Organization\",\"@id\":\"https:\/\/www.kristalia.it\/fr\/#organization\",\"name\":\"Kristalia. Forever furniture.\",\"url\":\"https:\/\/www.kristalia.it\/fr\/\",\"logo\":{\"@type\":\"ImageObject\",\"inLanguage\":\"fr-FR\",\"@id\":\"https:\/\/www.kristalia.it\/fr\/#\/schema\/logo\/image\/\",\"url\":\"https:\/\/www.kristalia.it\/wp-content\/uploads\/2023\/08\/kristalia-696.png\",\"contentUrl\":\"https:\/\/www.kristalia.it\/wp-content\/uploads\/2023\/08\/kristalia-696.png\",\"width\":696,\"height\":696,\"caption\":\"Kristalia. Forever furniture.\"},\"image\":{\"@id\":\"https:\/\/www.kristalia.it\/fr\/#\/schema\/logo\/image\/\"},\"sameAs\":[\"https:\/\/www.facebook.com\/kristaliadesign\/\"]}]}<\/script>\n<!-- \/ Yoast SEO plugin. -->","yoast_head_json":{"title":"Abonnez-vous \u00e0 notre newsletter &#8212; Kristalia","robots":{"index":"index","follow":"follow","max-snippet":"max-snippet:-1","max-image-preview":"max-image-preview:large","max-video-preview":"max-video-preview:-1"},"canonical":"https:\/\/www.kristalia.it\/fr\/newsletter\/","og_locale":"fr_FR","og_type":"article","og_title":"Abonnez-vous \u00e0 notre newsletter &#8212; Kristalia","og_url":"https:\/\/www.kristalia.it\/fr\/newsletter\/","og_site_name":"Kristalia","article_publisher":"https:\/\/www.facebook.com\/kristaliadesign\/","article_modified_time":"2023-03-15T21:29:39+00:00","og_image":[{"width":1200,"height":675,"url":"https:\/\/www.kristalia.it\/wp-content\/uploads\/2023\/08\/Kristalia_Palco-3.jpg","type":"image\/jpeg"}],"twitter_card":"summary_large_image","twitter_misc":{"Est. reading time":"1 minute"},"schema":{"@context":"https:\/\/schema.org","@graph":[{"@type":"WebPage","@id":"https:\/\/www.kristalia.it\/fr\/newsletter\/","url":"https:\/\/www.kristalia.it\/fr\/newsletter\/","name":"Abonnez-vous \u00e0 notre newsletter &#8212; Kristalia","isPartOf":{"@id":"https:\/\/www.kristalia.it\/fr\/#website"},"datePublished":"2023-02-28T16:04:50+00:00","dateModified":"2023-03-15T21:29:39+00:00","inLanguage":"fr-FR","potentialAction":[{"@type":"ReadAction","target":["https:\/\/www.kristalia.it\/fr\/newsletter\/"]}]},{"@type":"WebSite","@id":"https:\/\/www.kristalia.it\/fr\/#website","url":"https:\/\/www.kristalia.it\/fr\/","name":"Kristalia. Forever furniture.","description":"Objects that interpret living.","publisher":{"@id":"https:\/\/www.kristalia.it\/fr\/#organization"},"alternateName":"Kristalia","potentialAction":[{"@type":"SearchAction","target":{"@type":"EntryPoint","urlTemplate":"https:\/\/www.kristalia.it\/fr\/?s={search_term_string}"},"query-input":"required name=search_term_string"}],"inLanguage":"fr-FR"},{"@type":"Organization","@id":"https:\/\/www.kristalia.it\/fr\/#organization","name":"Kristalia. Forever furniture.","url":"https:\/\/www.kristalia.it\/fr\/","logo":{"@type":"ImageObject","inLanguage":"fr-FR","@id":"https:\/\/www.kristalia.it\/fr\/#\/schema\/logo\/image\/","url":"https:\/\/www.kristalia.it\/wp-content\/uploads\/2023\/08\/kristalia-696.png","contentUrl":"https:\/\/www.kristalia.it\/wp-content\/uploads\/2023\/08\/kristalia-696.png","width":696,"height":696,"caption":"Kristalia. Forever furniture."},"image":{"@id":"https:\/\/www.kristalia.it\/fr\/#\/schema\/logo\/image\/"},"sameAs":["https:\/\/www.facebook.com\/kristaliadesign\/"]}]}},"_links":{"self":[{"href":"https:\/\/www.kristalia.it\/fr\/wp-json\/wp\/v2\/pages\/66703"}],"collection":[{"href":"https:\/\/www.kristalia.it\/fr\/wp-json\/wp\/v2\/pages"}],"about":[{"href":"https:\/\/www.kristalia.it\/fr\/wp-json\/wp\/v2\/types\/page"}],"author":[{"embeddable":true,"href":"https:\/\/www.kristalia.it\/fr\/wp-json\/wp\/v2\/users\/1"}],"replies":[{"embeddable":true,"href":"https:\/\/www.kristalia.it\/fr\/wp-json\/wp\/v2\/comments?post=66703"}],"version-history":[{"count":0,"href":"https:\/\/www.kristalia.it\/fr\/wp-json\/wp\/v2\/pages\/66703\/revisions"}],"wp:attachment":[{"href":"https:\/\/www.kristalia.it\/fr\/wp-json\/wp\/v2\/media?parent=66703"}],"curies":[{"name":"wp","href":"https:\/\/api.w.org\/{rel}","templated":true}]}}